{"id":902,"date":"2021-12-04T12:17:40","date_gmt":"2021-12-04T10:17:40","guid":{"rendered":"http:\/\/motors.test\/dealership-two\/?page_id=10"},"modified":"2021-12-04T12:17:40","modified_gmt":"2021-12-04T10:17:40","slug":"terms-and-conditions","status":"publish","type":"page","link":"https:\/\/raincarrental.com\/tr\/terms-and-conditions\/","title":{"rendered":"\u015eartlar ve Ko\u015fullar"},"content":{"rendered":"<div data-elementor-type=\"wp-page\" data-elementor-id=\"902\" class=\"elementor elementor-902\" data-elementor-post-type=\"page\">\n\t\t\t\t\t\t\t\t\t<section class=\"elementor-section elementor-top-section elementor-element elementor-element-7ac1bde1 elementor-section-boxed elementor-section-height-default elementor-section-height-default\" data-id=\"7ac1bde1\" data-element_type=\"section\">\n\t\t\t\t\t\t<div class=\"elementor-container elementor-column-gap-default\">\n\t\t\t\t\t<div class=\"elementor-column elementor-col-100 elementor-top-column elementor-element elementor-element-1b0a050e\" data-id=\"1b0a050e\" data-element_type=\"column\">\n\t\t\t<div class=\"elementor-widget-wrap elementor-element-populated\">\n\t\t\t\t\t\t\t\t<div class=\"elementor-element elementor-element-0a5e08c elementor-widget elementor-widget-spacer\" data-id=\"0a5e08c\" data-element_type=\"widget\" data-widget_type=\"spacer.default\">\n\t\t\t\t<div class=\"elementor-widget-container\">\n\t\t\t<style>\/*! elementor - v3.17.0 - 08-11-2023 *\/\n.elementor-column .elementor-spacer-inner{height:var(--spacer-size)}.e-con{--container-widget-width:100%}.e-con-inner>.elementor-widget-spacer,.e-con>.elementor-widget-spacer{width:var(--container-widget-width,var(--spacer-size));--align-self:var(--container-widget-align-self,initial);--flex-shrink:0}.e-con-inner>.elementor-widget-spacer>.elementor-widget-container,.e-con>.elementor-widget-spacer>.elementor-widget-container{height:100%;width:100%}.e-con-inner>.elementor-widget-spacer>.elementor-widget-container>.elementor-spacer,.e-con>.elementor-widget-spacer>.elementor-widget-container>.elementor-spacer{height:100%}.e-con-inner>.elementor-widget-spacer>.elementor-widget-container>.elementor-spacer>.elementor-spacer-inner,.e-con>.elementor-widget-spacer>.elementor-widget-container>.elementor-spacer>.elementor-spacer-inner{height:var(--container-widget-height,var(--spacer-size))}.e-con-inner>.elementor-widget-spacer.elementor-widget-empty,.e-con>.elementor-widget-spacer.elementor-widget-empty{position:relative;min-height:22px;min-width:22px}.e-con-inner>.elementor-widget-spacer.elementor-widget-empty .elementor-widget-empty-icon,.e-con>.elementor-widget-spacer.elementor-widget-empty .elementor-widget-empty-icon{position:absolute;top:0;bottom:0;left:0;right:0;margin:auto;padding:0;width:22px;height:22px}<\/style>\t\t<div class=\"elementor-spacer\">\n\t\t\t<div class=\"elementor-spacer-inner\"><\/div>\n\t\t<\/div>\n\t\t\t\t<\/div>\n\t\t\t\t<\/div>\n\t\t\t\t<div class=\"elementor-element elementor-element-3a574fa elementor-widget elementor-widget-text-editor\" data-id=\"3a574fa\" data-element_type=\"widget\" data-widget_type=\"text-editor.default\">\n\t\t\t\t<div class=\"elementor-widget-container\">\n\t\t\t<style>\/*! elementor - v3.17.0 - 08-11-2023 *\/\n.elementor-widget-text-editor.elementor-drop-cap-view-stacked .elementor-drop-cap{background-color:#69727d;color:#fff}.elementor-widget-text-editor.elementor-drop-cap-view-framed .elementor-drop-cap{color:#69727d;border:3px solid;background-color:transparent}.elementor-widget-text-editor:not(.elementor-drop-cap-view-default) .elementor-drop-cap{margin-top:8px}.elementor-widget-text-editor:not(.elementor-drop-cap-view-default) .elementor-drop-cap-letter{width:1em;height:1em}.elementor-widget-text-editor .elementor-drop-cap{float:left;text-align:center;line-height:1;font-size:50px}.elementor-widget-text-editor .elementor-drop-cap-letter{display:inline-block}<\/style>\t\t\t\t<h1>\u015eartlar ve Ko\u015fullar<\/h1><p>1. Rezervasyonlar: T\u00fcm rezervasyonlar belirli bir modele g\u00f6re yap\u0131l\u0131r. M\u00fc\u015fteri taraf\u0131ndan \u00f6nceden se\u00e7ilen kategorideki belirli bir modelin bulunmamas\u0131 durumunda, her zaman onaylanm\u0131\u015f bir rezervasyona at\u0131fta bulunarak, Rain Car Ve Rent A Car E. E, m\u00fc\u015fteriye ayn\u0131 kategorideki bir arac\u0131 sa\u011flama hakk\u0131n\u0131 sakl\u0131 tutar.<br \/>2. S\u00fcr\u00fcc\u00fc: 23 ya\u015f\u0131nda, K\u00dc\u00c7\u00dcK kategorilerdeki arabalar\u0131 kullanmak i\u00e7in asgari ya\u015f \u015fart\u0131d\u0131r. ORTA, SUV, PREM\u0130UM ve L\u00dcKS i\u00e7in 25 ya\u015f asgari ya\u015f \u015fart\u0131d\u0131r. Maksimum ya\u015f 75&#039;tir.<br \/>3. Ehliyet: Yunan topraklar\u0131nda ve AB&#039;de ge\u00e7erli bir ehliyet \u00fcretimi.. kiralaman\u0131n ba\u015flang\u0131\u00e7 tarihinden en az 1 y\u0131l \u00f6nce verilir. gereklidir. AB d\u0131\u015f\u0131ndaki \u00fclkelerin vatanda\u015flar\u0131n\u0131n hem Yunanistan&#039;da hem de Avrupa Birli\u011fi&#039;nde ge\u00e7erli bir s\u00fcr\u00fcc\u00fc belgesine sahip olmalar\u0131 veya ba\u015fka bir \u015fekilde \u00fclkelerinde verilen ge\u00e7erli s\u00fcr\u00fcc\u00fc belgesiyle birlikte ibraz etmeleri gereken uluslararas\u0131 bir s\u00fcr\u00fcc\u00fc belgesine sahip olmalar\u0131 gerekir.<br \/>4. Trafik cezalar\u0131-Para Cezalar\u0131: Trafik cezalar\u0131 ve Karayollar\u0131 Kanunu ihlalleri nedeniyle verilen para cezalar\u0131 Kirac\u0131 taraf\u0131ndan kar\u015f\u0131lan\u0131r. Buna ek olarak, Kirac\u0131, gerekti\u011finde y\u00f6netim masraflar\u0131n\u0131n \u00f6denmesini \u00fcstlenir.<br \/>5. \u00d6deme \u015eekli: Kirac\u0131n\u0131n, \u00f6deme nakit olarak yap\u0131lsa bile kira garantisi olarak kredi kart\u0131 ibraz etmesi gerekmektedir. Kiralama \u00f6n \u00f6demeli. Yunanistan&#039;da genel olarak a\u015fa\u011f\u0131daki \u00f6deme \u015fekilleri kabul edilmektedir: T\u00fcm Kredi kartlar\u0131-Visa. Lokantalar. MasterCard. KABUL ED\u0130LD\u0130: American Express, MasterCard. Vize. Lokantalar. \u00dcstat. \u00d6n \u00f6demeli kredi kartlar\u0131. Kiralama garantisi olarak ana s\u00fcr\u00fcc\u00fc ad\u0131na ge\u00e7erli bir kredi kart\u0131n\u0131n ibraz edilmesi gerekmektedir. Yerel ara\u00e7 kiralama orta\u011f\u0131m\u0131z garanti olarak (se\u00e7ti\u011finiz ara\u00e7 kategorisine ba\u011fl\u0131 olarak) 900-2.400 Euro tutar\u0131nda bir tutar rezerve edebilir. herhangi bir hasar \/ h\u0131rs\u0131zl\u0131k meydana gelmemi\u015fse, kiralama s\u00fcresinin bitiminden sonra serbest b\u0131rak\u0131lacakt\u0131r. Ge\u00e7erli bir kredi kart\u0131 ibraz etmemeniz veya kredi kart\u0131nda yeterli para bulunmamas\u0131 durumunda. ara\u00e7 kiralama acentesi arac\u0131 b\u0131rakmay\u0131 reddedebilir. Bu durumlarda. \u00f6denen hi\u00e7bir fon geri \u00f6denmeyecektir.<br \/>6. Rezervasyon \u0130ptalleri: Bir rezervasyonun iptali, arac\u0131n kiralanmaya ba\u015fland\u0131\u011f\u0131 tarih ve saatten en az k\u0131rk sekiz (48) saat \u00f6nce yap\u0131lmal\u0131d\u0131r (her zaman tam rezervasyon saatine g\u00f6re). bu, \u015firketin rezervasyon sisteminde yap\u0131ld\u0131\u011f\u0131 i\u00e7in. Rezervasyonu iptal etmek isterseniz, \u015firketle e-posta veya telefon yoluyla ileti\u015fime ge\u00e7melisiniz. Rezervasyonlar\u0131n iptali i\u00e7in a\u015fa\u011f\u0131daki \u00fccretler uygulan\u0131r: Rain Car ve Rent A Car E. E. taraf\u0131ndan iptal bildirimi al\u0131nmas\u0131 durumunda. arac\u0131n kiralanmas\u0131n\u0131n planlanan ba\u015flang\u0131c\u0131ndan en az k\u0131rk sekiz (48) saat \u00f6nce, \u00f6n \u00f6demeli herhangi bir tutar iade edilir. \u00d6demenin kartla (kredi kart\u0131 veya bankamatik kart\u0131) yap\u0131lmas\u0131 durumunda, rezervasyonunuzu yaparken kulland\u0131\u011f\u0131n\u0131z kart\u0131n ortak bankas\u0131na ba\u011fl\u0131 olarak ilgili tutar\u0131n iadesi 16 g\u00fcne kadar s\u00fcrebilir. Rain Car ve Rent A Car E. E. taraf\u0131ndan planlanan ara\u00e7 kiralama ba\u015flang\u0131c\u0131ndan k\u0131rk sekiz (48) saatten daha k\u0131sa bir s\u00fcre \u00f6nce al\u0131nan iptal ihbar\u0131 durumunda, kira tutar\u0131n\u0131n &#039;si iade edilecektir.<br \/>7. Mesai sonras\u0131 teslimatlar-tahsilatlar: M\u00fc\u015fteri iste\u011fine ba\u011fl\u0131 olarak m\u00fc\u015fteriye ekstra \u00fccret verilecektir.<br \/>8. \u0130stasyon d\u0131\u015f\u0131 teslimatlar-tahsilatlar: \u0130stasyon d\u0131\u015f\u0131 teslimatlar ve tahsilatlar m\u00fc\u015fterinin talebi \u00fczerine yap\u0131l\u0131r. Teslimatlar-tahsilatlar i\u00e7in ekstra \u00fccret, Rain Car ve Rent A Car E. E ile ileti\u015fime ge\u00e7tikten sonra m\u00fc\u015fteriye verilecektir .<br \/>9. Ek s\u00fcr\u00fcc\u00fc: Her ek s\u00fcr\u00fcc\u00fc i\u00e7in ek \u00fccret al\u0131n\u0131r. ilave s\u00fcr\u00fcc\u00fc i\u00e7in g\u00fcnl\u00fck 5\u20ac \u00fccret al\u0131n\u0131r. Maksimum s\u00fcr\u00fcc\u00fc say\u0131s\u0131 2 ki\u015fi olarak belirlenmi\u015ftir.<br \/>10. \u00c7ocuk koltu\u011fu: \u00c7ocuk koltu\u011fu \u00fccreti, m\u00fc\u015fterinin talebi \u00fczerine ve \u015firketin m\u00fcsaitlik durumuna ba\u011fl\u0131 olarak 5\u20ac\/g\u00fcn olarak belirlenir.<br \/>11. Kar zincirleri: Kar zincirleri i\u00e7in \u00fccret, m\u00fc\u015fterinin talebi \u00fczerine ve \u015firketin m\u00fcsaitlik durumuna ba\u011fl\u0131 olarak 30\u20ac\/kiralama olarak belirlenir.<br \/>12. Yak\u0131t: Kirac\u0131, arac\u0131 topland\u0131\u011f\u0131nda sahip oldu\u011fu ayn\u0131 miktarda yak\u0131tla iade etmek zorundad\u0131r. Arac\u0131n orijinalinden daha az bir miktar yak\u0131tla (yani m\u00fc\u015fteri taraf\u0131ndan arac\u0131n sahip oldu\u011fu yak\u0131t miktar\u0131ndan daha az) iade edilmesi durumunda, m\u00fc\u015fteriden yak\u0131t fark\u0131 ve 15 Euro&#039;luk servis \u00fccreti tahsil edilecektir. Arac\u0131n toplanandan daha fazla miktarda yak\u0131tla iade edilmesi durumunda m\u00fc\u015fteri iadesi yap\u0131lmaz. Ara\u00e7lar, rezervuar\u0131n 4 \/ 4&#039;\u00fcne kar\u015f\u0131l\u0131k gelen maksimum miktarda yak\u0131tla teslim edilir.<br \/>13. Kilometre: 3 g\u00fcnden uzun s\u00fcreli kiralamalarda \u00fccretsiz kilometre sa\u011flanmaktad\u0131r. 3 G\u00fcnden k\u0131sa s\u00fcreli kiralamalarda fiyatlara 150 km\/g\u00fcn s\u0131n\u0131rlamas\u0131 dahildir. Aksi takdirde, 150 km\/g\u00fcn \u00fczeri ve \u00fczerindeki her ilave kilometre i\u00e7in m\u00fc\u015fteriden, arac\u0131n iadesi \u00fczerine kilometre ba\u015f\u0131na 0,20\u20ac tutar\u0131nda \u00fccret al\u0131nacakt\u0131r .<br \/>14. Kaza: Kaza durumunda m\u00fc\u015fteriden kaza dosyas\u0131 y\u00f6netim masraflar\u0131 ve kendisinden kaynaklanan t\u00fcm hasar masraflar\u0131 i\u00e7in 50\u20ac tahsil edilir.<br \/>15. Teminat Depozitosu: Arac\u0131n teslim al\u0131nmas\u0131 \u00fczerine Yunanistan&#039;daki kiralamalar i\u00e7in. Rain Car ve Rent A Car E. E., garanti i\u00e7in teminat olarak s\u00fcr\u00fcc\u00fcn\u00fcn kredi\/banka kart\u0131ndan kira sonunda tamamen iade edilecek bir tutar\u0131 \u00f6n provizyona tabi tutacakt\u0131r. ba\u015fka bir \u00fccret al\u0131nmamas\u0131 \u015fart\u0131yla. Kredi\/banka kart\u0131n\u0131n veren bankas\u0131na ba\u011fl\u0131 olarak geri \u00f6demenin 16 g\u00fcne kadar s\u00fcrebilece\u011fini l\u00fctfen unutmay\u0131n. Depozito miktar\u0131 ara\u00e7 kategorisine g\u00f6re de\u011fi\u015fmektedir. \u00d6zellikle:<br \/>* K\u00dc\u00c7\u00dcK: 900 \u20ac * ORTA: 1200 \u20ac * SUV: 1800 \u20ac * PREM\u0130UM 2400 \u20ac<br \/>16. Sigorta: Kirac\u0131dan kaynaklanan zararlar kendisine tahsil edilecek ve derhal \u00f6denmesi gerekecektir. D\u00f6n\u00fc\u015ft\u00fcr\u00fclebilir Sott Top&#039;a verilen hasar kar\u015f\u0131lanmamaktad\u0131r ve m\u00fc\u015fteri taraf\u0131ndan tam olarak \u00f6denecektir.<br \/>** Arac\u0131n i\u00e7 k\u0131sm\u0131ndaki (d\u00f6\u015feme, g\u00f6sterge paneli, r\/cd) ve anahtarlar\u0131n, jant kapa\u011f\u0131n\u0131n, antenlerin vb.Hasarlar\u0131n,bu nedenle bir kazaya neden olmad\u0131k\u00e7a herhangi bir sigorta kapsam\u0131nda olmad\u0131\u011f\u0131n\u0131 l\u00fctfen unutmay\u0131n. ekstra sigortalara ra\u011fmen, ara\u00e7 kiralama orta\u011f\u0131m\u0131z ba\u015fka hi\u00e7bir sigorta kapsam\u0131na girmeyen zararlar i\u00e7in yine de bir miktar ay\u0131rabilir.<br \/>17. LW: Lastik ve cam k\u0131r\u0131lma teminat\u0131: Kirac\u0131, yaln\u0131zca \u015firket s\u00f6zle\u015fmesinin ilgili \u015fartlar\u0131n\u0131 kabul etmesi ve imzalamas\u0131 ve arac\u0131n lastiklerine veya cam\u0131na verilen herhangi bir hasar i\u00e7in sorumluluktan tamamen muaft\u0131r.:<br \/>K\u00dc\u00c7\u00dcK kategori i\u00e7in 10\u20ac\/kiralama g\u00fcn\u00fc * ORTA kategori i\u00e7in 15\u20ac\/kiralama g\u00fcn\u00fc<br \/>SUV kategorisi i\u00e7in 25\u20ac\/Kiralama g\u00fcn\u00fc * PREM\u0130UM kategorisi i\u00e7in 45\u20ac\/kiralama g\u00fcn\u00fc<br \/>18. H\u0131rs\u0131zl\u0131k: Kirac\u0131, \u015firket s\u00f6zle\u015fmesinin ilgili \u015fartlar\u0131n\u0131 kabul etmesi ve imzalamas\u0131 ve ara\u00e7 tutar\u0131n\u0131 \u00f6demesi ko\u015fuluyla, h\u0131rs\u0131zl\u0131k durumunda araca gelebilecek herhangi bir hasar i\u00e7in sorumluluktan tamamen kurtulur.:<br \/>K\u00dc\u00c7\u00dcK kategori i\u00e7in 15\u20ac\/kiralama g\u00fcn\u00fc * ORTA kategori i\u00e7in 35\u20ac\/kiralama g\u00fcn\u00fc<br \/>SUV kategorisi i\u00e7in 50\u20ac\/kiralama g\u00fcn\u00fc * PREM\u0130UM kategorisi i\u00e7in 90\u20ac\/kiralama g\u00fcn\u00fc<br \/>Yukar\u0131daki teminat\u0131n ana ko\u015fulu, arac\u0131n kiralanmas\u0131 s\u0131ras\u0131nda ihmal, hatta hafif veya hukuka ayk\u0131r\u0131 davran\u0131\u015flar\u0131n olmamas\u0131d\u0131r.<br \/>19. Yol Yard\u0131m\u0131: Rain Car ve Rent A Car E. E. ara\u00e7lar\u0131 24 saat yol yard\u0131m\u0131 kapsam\u0131ndad\u0131r. Yol yard\u0131m\u0131&#039;n\u0131n ileti\u015fim bilgileri, gerekli g\u00f6r\u00fclen arac\u0131n de\u011fi\u015ftirilmesinin Athina&#039;daki alanlar i\u00e7in 24 saate kadar, Yunan topraklar\u0131ndaki di\u011fer herhangi bir alan i\u00e7in ise 72 saate kadar bir s\u00fcrenin gerekli oldu\u011fu kira s\u00f6zle\u015fmesinde belirtilmi\u015ftir. Sonunda arac\u0131n de\u011fi\u015ftirilmesinin gerekli g\u00f6r\u00fclmedi\u011fi kan\u0131tlan\u0131rsa, kirac\u0131dan nakliye bedeli tahsil edilecektir.<br \/>20. \u00dclke d\u0131\u015f\u0131na ara\u00e7 ta\u015f\u0131mac\u0131l\u0131\u011f\u0131: Arac\u0131n Yunanistan s\u0131n\u0131rlar\u0131 d\u0131\u015f\u0131na ta\u015f\u0131nmas\u0131 ve s\u00fcr\u00fclmesi yasakt\u0131r. Arac\u0131n \u00fclke d\u0131\u015f\u0131na s\u00fcr\u00fclmesine istisnai olarak ve ancak \u015firketin yaz\u0131l\u0131 izni ve \u015firketin her durumda belirleyece\u011fi tutar\u0131n \u00f6denmesi ile izin verilir.<br \/>21. Gemi ile ara\u00e7 nakliyesi: Gemi ile ara\u00e7 nakliyesi i\u00e7in \u015firketin yaz\u0131l\u0131 onay\u0131 gerekmektedir.<br \/>L\u00dcKS kategorideki otomobiller i\u00e7in \u015fartlar ve ko\u015fullar talep \u00fczerine verilecektir.<br \/>\u015eartlar ve Ko\u015fullar ve Fiyatlar \u00f6nceden haber verilmeksizin de\u011fi\u015ftirilebilir.<\/p>\t\t\t\t\t\t<\/div>\n\t\t\t\t<\/div>\n\t\t\t\t<div class=\"elementor-element elementor-element-ce54d5d elementor-widget elementor-widget-spacer\" data-id=\"ce54d5d\" data-element_type=\"widget\" data-widget_type=\"spacer.default\">\n\t\t\t\t<div class=\"elementor-widget-container\">\n\t\t\t\t\t<div class=\"elementor-spacer\">\n\t\t\t<div class=\"elementor-spacer-inner\"><\/div>\n\t\t<\/div>\n\t\t\t\t<\/div>\n\t\t\t\t<\/div>\n\t\t\t\t\t<\/div>\n\t\t<\/div>\n\t\t\t\t\t\t\t<\/div>\n\t\t<\/section>\n\t\t\t\t\t\t\t<\/div>","protected":false},"excerpt":{"rendered":"<p>Terms and Conditions 1. Reservations: All reservations are made based on a specific model. In case of non-availability of a specific model in the category pre-selected by the customer, always with reference to a confirmed reservation, Rain Car And Rent A Car E.E reserves the right to provide to the customer a same category car.2&#8230;.<\/p>","protected":false},"author":1,"featured_media":0,"parent":0,"menu_order":0,"comment_status":"closed","ping_status":"closed","template":"","meta":{"footnotes":""},"yoast_head":"<!-- This site is optimized with the Yoast SEO Premium plugin v17.6 (Yoast SEO v17.6) - https:\/\/yoast.com\/wordpress\/plugins\/seo\/ -->\n<title>Terms and Conditions &ndash; Rain Car Rental<\/title>\n<meta name=\"robots\" content=\"index, follow, max-snippet:-1, max-image-preview:large, max-video-preview:-1\" \/>\n<link rel=\"canonical\" href=\"https:\/\/raincarrental.com\/tr\/terms-and-conditions\/\" \/>\n<meta property=\"og:locale\" content=\"tr_TR\" \/>\n<meta property=\"og:type\" content=\"article\" \/>\n<meta property=\"og:title\" content=\"Terms and Conditions\" \/>\n<meta property=\"og:description\" content=\"Terms and Conditions 1. Reservations: All reservations are made based on a specific model. In case of non-availability of a specific model in the category pre-selected by the customer, always with reference to a confirmed reservation, Rain Car And Rent A Car E.E reserves the right to provide to the customer a same category car.2....\" \/>\n<meta property=\"og:url\" content=\"https:\/\/raincarrental.com\/tr\/terms-and-conditions\/\" \/>\n<meta property=\"og:site_name\" content=\"Rain Car Rental\" \/>\n<meta name=\"twitter:card\" content=\"summary_large_image\" \/>\n<meta name=\"twitter:label1\" content=\"Tahmini okuma s\u00fcresi\" \/>\n\t<meta name=\"twitter:data1\" content=\"7 dakika\" \/>\n<script type=\"application\/ld+json\" class=\"yoast-schema-graph\">{\"@context\":\"https:\/\/schema.org\",\"@graph\":[{\"@type\":\"Organization\",\"@id\":\"https:\/\/raincarrental.com\/#organization\",\"name\":\"Rain Car \/ Car Sales & Rental Athens\",\"url\":\"https:\/\/raincarrental.com\/\",\"sameAs\":[],\"logo\":{\"@type\":\"ImageObject\",\"@id\":\"https:\/\/raincarrental.com\/#logo\",\"inLanguage\":\"tr\",\"url\":\"https:\/\/raincarrental.com\/wp-content\/uploads\/2023\/11\/logo-square.jpeg\",\"contentUrl\":\"https:\/\/raincarrental.com\/wp-content\/uploads\/2023\/11\/logo-square.jpeg\",\"width\":650,\"height\":650,\"caption\":\"Rain Car \/ Car Sales & Rental Athens\"},\"image\":{\"@id\":\"https:\/\/raincarrental.com\/#logo\"}},{\"@type\":\"WebSite\",\"@id\":\"https:\/\/raincarrental.com\/#website\",\"url\":\"https:\/\/raincarrental.com\/\",\"name\":\"Rain Car Rental\",\"description\":\"Rent a Car. Rain Car \/ Athens Car Sales &amp; Rental Athens\",\"publisher\":{\"@id\":\"https:\/\/raincarrental.com\/#organization\"},\"potentialAction\":[{\"@type\":\"SearchAction\",\"target\":{\"@type\":\"EntryPoint\",\"urlTemplate\":\"https:\/\/raincarrental.com\/?s={search_term_string}\"},\"query-input\":\"required name=search_term_string\"}],\"inLanguage\":\"tr\"},{\"@type\":\"WebPage\",\"@id\":\"https:\/\/raincarrental.com\/terms-and-conditions\/#webpage\",\"url\":\"https:\/\/raincarrental.com\/terms-and-conditions\/\",\"name\":\"Terms and Conditions &ndash; Rain Car Rental\",\"isPartOf\":{\"@id\":\"https:\/\/raincarrental.com\/#website\"},\"datePublished\":\"2021-12-04T10:17:40+00:00\",\"dateModified\":\"2021-12-04T10:17:40+00:00\",\"breadcrumb\":{\"@id\":\"https:\/\/raincarrental.com\/terms-and-conditions\/#breadcrumb\"},\"inLanguage\":\"tr\",\"potentialAction\":[{\"@type\":\"ReadAction\",\"target\":[\"https:\/\/raincarrental.com\/terms-and-conditions\/\"]}]},{\"@type\":\"BreadcrumbList\",\"@id\":\"https:\/\/raincarrental.com\/terms-and-conditions\/#breadcrumb\",\"itemListElement\":[{\"@type\":\"ListItem\",\"position\":1,\"name\":\"Home\",\"item\":\"https:\/\/raincarrental.com\/\"},{\"@type\":\"ListItem\",\"position\":2,\"name\":\"Terms and Conditions\"}]}]}<\/script>\n<!-- \/ Yoast SEO Premium plugin. -->","yoast_head_json":{"title":"Terms and Conditions &ndash; Rain Car Rental","robots":{"index":"index","follow":"follow","max-snippet":"max-snippet:-1","max-image-preview":"max-image-preview:large","max-video-preview":"max-video-preview:-1"},"canonical":"https:\/\/raincarrental.com\/tr\/terms-and-conditions\/","og_locale":"tr_TR","og_type":"article","og_title":"Terms and Conditions","og_description":"Terms and Conditions 1. Reservations: All reservations are made based on a specific model. In case of non-availability of a specific model in the category pre-selected by the customer, always with reference to a confirmed reservation, Rain Car And Rent A Car E.E reserves the right to provide to the customer a same category car.2....","og_url":"https:\/\/raincarrental.com\/tr\/terms-and-conditions\/","og_site_name":"Rain Car Rental","twitter_card":"summary_large_image","twitter_misc":{"Tahmini okuma s\u00fcresi":"7 dakika"},"schema":{"@context":"https:\/\/schema.org","@graph":[{"@type":"Organization","@id":"https:\/\/raincarrental.com\/#organization","name":"Rain Car \/ Car Sales & Rental Athens","url":"https:\/\/raincarrental.com\/","sameAs":[],"logo":{"@type":"ImageObject","@id":"https:\/\/raincarrental.com\/#logo","inLanguage":"tr","url":"https:\/\/raincarrental.com\/wp-content\/uploads\/2023\/11\/logo-square.jpeg","contentUrl":"https:\/\/raincarrental.com\/wp-content\/uploads\/2023\/11\/logo-square.jpeg","width":650,"height":650,"caption":"Rain Car \/ Car Sales & Rental Athens"},"image":{"@id":"https:\/\/raincarrental.com\/#logo"}},{"@type":"WebSite","@id":"https:\/\/raincarrental.com\/#website","url":"https:\/\/raincarrental.com\/","name":"Rain Car Rental","description":"Rent a Car. Rain Car \/ Athens Car Sales &amp; Rental Athens","publisher":{"@id":"https:\/\/raincarrental.com\/#organization"},"potentialAction":[{"@type":"SearchAction","target":{"@type":"EntryPoint","urlTemplate":"https:\/\/raincarrental.com\/?s={search_term_string}"},"query-input":"required name=search_term_string"}],"inLanguage":"tr"},{"@type":"WebPage","@id":"https:\/\/raincarrental.com\/terms-and-conditions\/#webpage","url":"https:\/\/raincarrental.com\/terms-and-conditions\/","name":"Terms and Conditions &ndash; Rain Car Rental","isPartOf":{"@id":"https:\/\/raincarrental.com\/#website"},"datePublished":"2021-12-04T10:17:40+00:00","dateModified":"2021-12-04T10:17:40+00:00","breadcrumb":{"@id":"https:\/\/raincarrental.com\/terms-and-conditions\/#breadcrumb"},"inLanguage":"tr","potentialAction":[{"@type":"ReadAction","target":["https:\/\/raincarrental.com\/terms-and-conditions\/"]}]},{"@type":"BreadcrumbList","@id":"https:\/\/raincarrental.com\/terms-and-conditions\/#breadcrumb","itemListElement":[{"@type":"ListItem","position":1,"name":"Home","item":"https:\/\/raincarrental.com\/"},{"@type":"ListItem","position":2,"name":"Terms and Conditions"}]}]}},"_links":{"self":[{"href":"https:\/\/raincarrental.com\/tr\/wp-json\/wp\/v2\/pages\/902"}],"collection":[{"href":"https:\/\/raincarrental.com\/tr\/wp-json\/wp\/v2\/pages"}],"about":[{"href":"https:\/\/raincarrental.com\/tr\/wp-json\/wp\/v2\/types\/page"}],"author":[{"embeddable":true,"href":"https:\/\/raincarrental.com\/tr\/wp-json\/wp\/v2\/users\/1"}],"replies":[{"embeddable":true,"href":"https:\/\/raincarrental.com\/tr\/wp-json\/wp\/v2\/comments?post=902"}],"version-history":[{"count":0,"href":"https:\/\/raincarrental.com\/tr\/wp-json\/wp\/v2\/pages\/902\/revisions"}],"wp:attachment":[{"href":"https:\/\/raincarrental.com\/tr\/wp-json\/wp\/v2\/media?parent=902"}],"curies":[{"name":"wp","href":"https:\/\/api.w.org\/{rel}","templated":true}]}}