{"id":311,"date":"2017-01-24T11:40:35","date_gmt":"2017-01-24T11:40:35","guid":{"rendered":"https:\/\/motors.stylemixthemes.com\/?page_id=311"},"modified":"2023-12-14T19:28:49","modified_gmt":"2023-12-14T19:28:49","slug":"contact-us","status":"publish","type":"page","link":"https:\/\/raincarrental.com\/tr\/contact-us\/","title":{"rendered":"\u0130leti\u015fime ge\u00e7in"},"content":{"rendered":"<div data-elementor-type=\"wp-page\" data-elementor-id=\"311\" class=\"elementor elementor-311\" data-elementor-post-type=\"page\">\n\t\t\t\t\t\t\t\t\t<section class=\"elementor-section elementor-top-section elementor-element elementor-element-8e5743f elementor-section-boxed elementor-section-height-default elementor-section-height-default\" data-id=\"8e5743f\" data-element_type=\"section\">\n\t\t\t\t\t\t<div class=\"elementor-container elementor-column-gap-default\">\n\t\t\t\t\t<div class=\"elementor-column elementor-col-100 elementor-top-column elementor-element elementor-element-0083d80\" data-id=\"0083d80\" data-element_type=\"column\">\n\t\t\t<div class=\"elementor-widget-wrap elementor-element-populated\">\n\t\t\t\t\t\t\t\t<div class=\"elementor-element elementor-element-23efb80 elementor-widget elementor-widget-stm-contact-form-seven\" data-id=\"23efb80\" data-element_type=\"widget\" data-widget_type=\"stm-contact-form-seven.default\">\n\t\t\t\t<div class=\"elementor-widget-container\">\n\t\t\t\n<div class=\"stm-elementor-contact-form-seven\" id=\"single_contact_form_22234\">\n\t<div class=\"icon-title\">\n\t\t\t\t\t<h4 class=\"heading-font title\">\n\t\t\t\tCONTACT US\t\t\t<\/h4>\n\t\t\t<\/div>\n\n\t\n\t\n<div class=\"wpcf7 no-js\" id=\"wpcf7-f347-o1\" lang=\"en-US\" dir=\"ltr\">\n<div class=\"screen-reader-response\"><p role=\"status\" aria-live=\"polite\" aria-atomic=\"true\"><\/p> <ul><\/ul><\/div>\n<form action=\"\/tr\/wp-json\/wp\/v2\/pages\/311#wpcf7-f347-o1\" method=\"post\" class=\"wpcf7-form init\" aria-label=\"Contact form\" novalidate=\"novalidate\" data-status=\"init\" data-trp-original-action=\"\/tr\/wp-json\/wp\/v2\/pages\/311#wpcf7-f347-o1\">\n<div style=\"display: none;\">\n<input type=\"hidden\" name=\"_wpcf7\" value=\"347\" \/>\n<input type=\"hidden\" name=\"_wpcf7_version\" value=\"5.8.3\" \/>\n<input type=\"hidden\" name=\"_wpcf7_locale\" value=\"en_US\" \/>\n<input type=\"hidden\" name=\"_wpcf7_unit_tag\" value=\"wpcf7-f347-o1\" \/>\n<input type=\"hidden\" name=\"_wpcf7_container_post\" value=\"0\" \/>\n<input type=\"hidden\" name=\"_wpcf7_posted_data_hash\" value=\"\" \/>\n<\/div>\n<div class=\"row\">\n    <div class=\"col-md-6 col-sm-6\">\n        <div class=\"form-group\">\n            <div class=\"form-group\">\n                <div class=\"contact-us-label\">Your message<\/div>\n                <span class=\"wpcf7-form-control-wrap\" data-name=\"message\"><textarea cols=\"40\" rows=\"10\" class=\"wpcf7-form-control wpcf7-textarea\" aria-invalid=\"false\" placeholder=\"Enter Your message...\" name=\"message\"><\/textarea><\/span>\n            <\/div>\n        <\/div>\n    <\/div>\n    <div class=\"col-md-6 col-sm-6\">\n          <div class=\"form-group\">\n                <div class=\"contact-us-label\">FIRST NAME*<\/div>\n                <span class=\"wpcf7-form-control-wrap\" data-name=\"name\"><input size=\"40\" class=\"wpcf7-form-control wpcf7-text wpcf7-validates-as-required\" aria-required=\"true\" aria-invalid=\"false\" placeholder=\"Enter your first name\" value=\"\" type=\"text\" name=\"name\" \/><\/span>\n          <\/div>\n          <div class=\"form-group\">\n                 <div class=\"contact-us-label\">EMAIL*<\/div>\n                 <span class=\"wpcf7-form-control-wrap\" data-name=\"email\"><input size=\"40\" class=\"wpcf7-form-control wpcf7-email wpcf7-validates-as-required wpcf7-text wpcf7-validates-as-email\" aria-required=\"true\" aria-invalid=\"false\" placeholder=\"email@domain.com\" value=\"\" type=\"email\" name=\"email\" \/><\/span>\n          <\/div>\n          <div class=\"contact-us-submit\">\n            <input class=\"wpcf7-form-control wpcf7-submit has-spinner contact-us-submit\" type=\"submit\" value=\"Submit\" \/>\n          <\/div>\n    <\/div>\n<\/div><div class=\"wpcf7-response-output\" aria-hidden=\"true\"><\/div>\n<input type=\"hidden\" name=\"trp-form-language\" value=\"tr\"\/><\/form>\n<\/div>\n\t<\/div>\n\n\t\t<\/div>\n\t\t\t\t<\/div>\n\t\t\t\t\t<\/div>\n\t\t<\/div>\n\t\t\t\t\t\t\t<\/div>\n\t\t<\/section>\n\t\t\t\t<section class=\"elementor-section elementor-top-section elementor-element elementor-element-998bcfa elementor-section-boxed elementor-section-height-default elementor-section-height-default\" data-id=\"998bcfa\" data-element_type=\"section\">\n\t\t\t\t\t\t<div class=\"elementor-container elementor-column-gap-default\">\n\t\t\t\t\t<div class=\"elementor-column elementor-col-100 elementor-top-column elementor-element elementor-element-f1797f7\" data-id=\"f1797f7\" data-element_type=\"column\">\n\t\t\t<div class=\"elementor-widget-wrap elementor-element-populated\">\n\t\t\t\t\t\t\t\t<div class=\"elementor-element elementor-element-472ea07 elementor-widget elementor-widget-heading\" data-id=\"472ea07\" data-element_type=\"widget\" data-widget_type=\"heading.default\">\n\t\t\t\t<div class=\"elementor-widget-container\">\n\t\t\t<style>\/*! elementor - v3.17.0 - 08-11-2023 *\/\n.elementor-heading-title{padding:0;margin:0;line-height:1}.elementor-widget-heading .elementor-heading-title[class*=elementor-size-]>a{color:inherit;font-size:inherit;line-height:inherit}.elementor-widget-heading .elementor-heading-title.elementor-size-small{font-size:15px}.elementor-widget-heading .elementor-heading-title.elementor-size-medium{font-size:19px}.elementor-widget-heading .elementor-heading-title.elementor-size-large{font-size:29px}.elementor-widget-heading .elementor-heading-title.elementor-size-xl{font-size:39px}.elementor-widget-heading .elementor-heading-title.elementor-size-xxl{font-size:59px}<\/style><h5 class=\"elementor-heading-title elementor-size-default\">Athens Office<\/h5>\t\t<\/div>\n\t\t\t\t<\/div>\n\t\t\t\t<div class=\"elementor-element elementor-element-9e757d2 elementor-position-left elementor-mobile-position-left elementor-view-default elementor-vertical-align-top elementor-widget elementor-widget-icon-box\" data-id=\"9e757d2\" data-element_type=\"widget\" data-widget_type=\"icon-box.default\">\n\t\t\t\t<div class=\"elementor-widget-container\">\n\t\t\t<link rel=\"stylesheet\" href=\"https:\/\/raincarrental.com\/wp-content\/plugins\/elementor\/assets\/css\/widget-icon-box.min.css\">\t\t<div class=\"elementor-icon-box-wrapper\">\n\t\t\t\t\t\t<div class=\"elementor-icon-box-icon\">\n\t\t\t\t<span  class=\"elementor-icon elementor-animation-\">\n\t\t\t\t<i aria-hidden=\"true\" class=\"stmicon- stm-icon-pin\"><\/i>\t\t\t\t<\/span>\n\t\t\t<\/div>\n\t\t\t\t\t\t<div class=\"elementor-icon-box-content\">\n\t\t\t\t<p class=\"elementor-icon-box-title\">\n\t\t\t\t\t<span  >\n\t\t\t\t\t\tRoumpesi 16, Neos Kosmos, 11744, Atina, Yunanistan\t\t\t\t\t<\/span>\n\t\t\t\t<\/p>\n\t\t\t\t\t\t\t<\/div>\n\t\t<\/div>\n\t\t\t\t<\/div>\n\t\t\t\t<\/div>\n\t\t\t\t<div class=\"elementor-element elementor-element-866f550 elementor-position-left elementor-mobile-position-left elementor-view-default elementor-vertical-align-top elementor-widget elementor-widget-icon-box\" data-id=\"866f550\" data-element_type=\"widget\" data-widget_type=\"icon-box.default\">\n\t\t\t\t<div class=\"elementor-widget-container\">\n\t\t\t\t\t<div class=\"elementor-icon-box-wrapper\">\n\t\t\t\t\t\t<div class=\"elementor-icon-box-icon\">\n\t\t\t\t<span  class=\"elementor-icon elementor-animation-\">\n\t\t\t\t<i aria-hidden=\"true\" class=\"stmservice-icon- stm-service-icon-sales_phone\"><\/i>\t\t\t\t<\/span>\n\t\t\t<\/div>\n\t\t\t\t\t\t<div class=\"elementor-icon-box-content\">\n\t\t\t\t<p class=\"elementor-icon-box-title\">\n\t\t\t\t\t<span  >\n\t\t\t\t\t\tOffice: +30 6988005468\t\t\t\t\t<\/span>\n\t\t\t\t<\/p>\n\t\t\t\t\t\t\t<\/div>\n\t\t<\/div>\n\t\t\t\t<\/div>\n\t\t\t\t<\/div>\n\t\t\t\t<div class=\"elementor-element elementor-element-309a69a elementor-position-left elementor-mobile-position-left elementor-view-default elementor-vertical-align-top elementor-widget elementor-widget-icon-box\" data-id=\"309a69a\" data-element_type=\"widget\" data-widget_type=\"icon-box.default\">\n\t\t\t\t<div class=\"elementor-widget-container\">\n\t\t\t\t\t<div class=\"elementor-icon-box-wrapper\">\n\t\t\t\t\t\t<div class=\"elementor-icon-box-icon\">\n\t\t\t\t<span  class=\"elementor-icon elementor-animation-\">\n\t\t\t\t<i aria-hidden=\"true\" class=\"stmicon- stm-icon-time\"><\/i>\t\t\t\t<\/span>\n\t\t\t<\/div>\n\t\t\t\t\t\t<div class=\"elementor-icon-box-content\">\n\t\t\t\t<p class=\"elementor-icon-box-title\">\n\t\t\t\t\t<span  >\n\t\t\t\t\t\t<span style=\"line-height: 18px; transition: all 0.25s ease 0s; font-family: Montserrat, Arial; white-space: normal; background-color: rgba(255, 255, 255, 0.01);\">Monday \u2013 Saturday: 09:30 \u2013 17:30<\/span><br style=\"color: rgb(35, 38, 40); font-family: Montserrat, Arial; white-space: normal; background-color: rgba(255, 255, 255, 0.01);\"><span style=\"line-height: 18px; transition: all 0.25s ease 0s; font-family: Montserrat, Arial; white-space: normal; background-color: rgba(255, 255, 255, 0.01);\">Sunday: Closed<\/span>\t\t\t\t\t<\/span>\n\t\t\t\t<\/p>\n\t\t\t\t\t\t\t<\/div>\n\t\t<\/div>\n\t\t\t\t<\/div>\n\t\t\t\t<\/div>\n\t\t\t\t\t<\/div>\n\t\t<\/div>\n\t\t\t\t\t\t\t<\/div>\n\t\t<\/section>\n\t\t\t\t<section class=\"elementor-section elementor-top-section elementor-element elementor-element-225789c elementor-section-boxed elementor-section-height-default elementor-section-height-default\" data-id=\"225789c\" data-element_type=\"section\">\n\t\t\t\t\t\t<div class=\"elementor-container elementor-column-gap-default\">\n\t\t\t\t\t<div class=\"elementor-column elementor-col-100 elementor-top-column elementor-element elementor-element-5e82b6f\" data-id=\"5e82b6f\" data-element_type=\"column\">\n\t\t\t<div class=\"elementor-widget-wrap elementor-element-populated\">\n\t\t\t\t\t\t\t\t<div class=\"elementor-element elementor-element-cc519d6 elementor-widget elementor-widget-heading\" data-id=\"cc519d6\" data-element_type=\"widget\" data-widget_type=\"heading.default\">\n\t\t\t\t<div class=\"elementor-widget-container\">\n\t\t\t<h2 class=\"elementor-heading-title elementor-size-default\">NEDEN B\u0130Z\u0130 SE\u00c7MEL\u0130S\u0130N\u0130Z<\/h2>\t\t<\/div>\n\t\t\t\t<\/div>\n\t\t\t\t\t<\/div>\n\t\t<\/div>\n\t\t\t\t\t\t\t<\/div>\n\t\t<\/section>\n\t\t\t\t<section class=\"elementor-section elementor-top-section elementor-element elementor-element-9b5e498 elementor-section-boxed elementor-section-height-default elementor-section-height-default\" data-id=\"9b5e498\" data-element_type=\"section\">\n\t\t\t\t\t\t<div class=\"elementor-container elementor-column-gap-default\">\n\t\t\t\t\t<div class=\"elementor-column elementor-col-100 elementor-top-column elementor-element elementor-element-7e0e56e\" data-id=\"7e0e56e\" data-element_type=\"column\">\n\t\t\t<div class=\"elementor-widget-wrap elementor-element-populated\">\n\t\t\t\t\t\t\t\t<section class=\"elementor-section elementor-inner-section elementor-element elementor-element-07e373c elementor-section-boxed elementor-section-height-default elementor-section-height-default\" data-id=\"07e373c\" data-element_type=\"section\">\n\t\t\t\t\t\t<div class=\"elementor-container elementor-column-gap-default\">\n\t\t\t\t\t<div class=\"elementor-column elementor-col-33 elementor-inner-column elementor-element elementor-element-c0e73f7\" data-id=\"c0e73f7\" data-element_type=\"column\">\n\t\t\t<div class=\"elementor-widget-wrap elementor-element-populated\">\n\t\t\t\t\t\t\t\t<div class=\"elementor-element elementor-element-44e2f10 elementor-widget elementor-widget-stm-icon-box\" data-id=\"44e2f10\" data-element_type=\"widget\" data-widget_type=\"stm-icon-box.default\">\n\t\t\t\t<div class=\"elementor-widget-container\">\n\t\t\t\n\t<div class=\"icon-box stm-layout-box-car_dealer\">\n\t\t<div class=\"boat-line\"><\/div>\n\t\t\t\t\t<div class=\"icon boat-third-color icon_element\">\n\t\t\t\t<i aria-hidden=\"true\" class=\"far fa-thumbs-up\"><\/i>\t\t\t<\/div>\n\t\t\t\t<div class=\"icon-text\">\n\t\t\t\t\t\t<h4 class=\"title heading-font\">\n\t\t\t\tM\u00fc\u015fteri Memnuniyeti\t\t<\/h4>\n\t\t\t\t\t\t<div class=\"content heading-font\">\n\t\t\t\t<div class=\"w-full text-token-text-primary\" data-testid=\"conversation-turn-5\"><div class=\"px-4 py-2 justify-center text-base md:gap-6 m-auto\"><div class=\"flex flex-1 text-base mx-auto gap-3 md:px-5 lg:px-1 xl:px-5 md:max-w-3xl lg:max-w-[40rem] xl:max-w-[48rem] } group\"><div class=\"relative flex w-full flex-col lg:w-[calc(100%-115px)] agent-turn\"><div class=\"flex-col gap-1 md:gap-3\"><div class=\"flex flex-grow flex-col max-w-full\"><div class=\"min-h-[20px] text-message flex flex-col items-start gap-3 whitespace-pre-wrap break-words [.text-message+&amp;]:mt-5 overflow-x-auto\" data-message-author-role=\"assistant\" data-message-id=\"6b13c757-d98d-4393-84e5-e97356bbd9b6\"><div class=\"markdown prose w-full break-words dark:prose-invert light\"><p>Ola\u011fan\u00fcst\u00fc hizmet, g\u00fcvenilir filo, \u00f6zel \u00e7\u00f6z\u00fcmler-sizin memnuniyetiniz, \u00f6nceli\u011fimiz.<\/p><\/div><\/div><\/div><\/div><\/div><\/div><\/div><\/div>\t\t\t<\/div>\n\t\t\t\t\t<\/div>\n\t\t<\/div>\n\n\t\t\t<\/div>\n\t\t\t\t<\/div>\n\t\t\t\t\t<\/div>\n\t\t<\/div>\n\t\t\t\t<div class=\"elementor-column elementor-col-33 elementor-inner-column elementor-element elementor-element-3415b36\" data-id=\"3415b36\" data-element_type=\"column\">\n\t\t\t<div class=\"elementor-widget-wrap elementor-element-populated\">\n\t\t\t\t\t\t\t\t<div class=\"elementor-element elementor-element-e6a0292 elementor-widget elementor-widget-stm-icon-box\" data-id=\"e6a0292\" data-element_type=\"widget\" data-widget_type=\"stm-icon-box.default\">\n\t\t\t\t<div class=\"elementor-widget-container\">\n\t\t\t\n\t<div class=\"icon-box stm-layout-box-car_dealer\">\n\t\t<div class=\"boat-line\"><\/div>\n\t\t\t\t\t<div class=\"icon boat-third-color icon_element\">\n\t\t\t\t<i aria-hidden=\"true\" class=\"stmrental- stm-rental-medal_rent\"><\/i>\t\t\t<\/div>\n\t\t\t\t<div class=\"icon-text\">\n\t\t\t\t\t\t<h4 class=\"title heading-font\">\n\t\t\t\tYeni ve Temiz Ara\u00e7lar\t\t<\/h4>\n\t\t\t\t\t\t<div class=\"content heading-font\">\n\t\t\t\t<p>Taze, lekesiz s\u00fcr\u00fc\u015f filomuzla \u015f\u0131k bir yolculuk yap\u0131n.<\/p>\t\t\t<\/div>\n\t\t\t\t\t<\/div>\n\t\t<\/div>\n\n\t\t\t<\/div>\n\t\t\t\t<\/div>\n\t\t\t\t\t<\/div>\n\t\t<\/div>\n\t\t\t\t<div class=\"elementor-column elementor-col-33 elementor-inner-column elementor-element elementor-element-318611c\" data-id=\"318611c\" data-element_type=\"column\">\n\t\t\t<div class=\"elementor-widget-wrap elementor-element-populated\">\n\t\t\t\t\t\t\t\t<div class=\"elementor-element elementor-element-2b8afdf elementor-widget elementor-widget-stm-icon-box\" data-id=\"2b8afdf\" data-element_type=\"widget\" data-widget_type=\"stm-icon-box.default\">\n\t\t\t\t<div class=\"elementor-widget-container\">\n\t\t\t\n\t<div class=\"icon-box stm-layout-box-car_dealer\">\n\t\t<div class=\"boat-line\"><\/div>\n\t\t\t\t\t<div class=\"icon boat-third-color icon_element\">\n\t\t\t\t<i aria-hidden=\"true\" class=\"fas fa-map-marked-alt\"><\/i>\t\t\t<\/div>\n\t\t\t\t<div class=\"icon-text\">\n\t\t\t\t\t\t<h4 class=\"title heading-font\">\n\t\t\t\tHavaalan\u0131ndan Kar\u015f\u0131lama!\t\t<\/h4>\n\t\t\t\t\t\t<div class=\"content heading-font\">\n\t\t\t\t<p>Zahmeti atlay\u0131n-sizi do\u011frudan havaalan\u0131ndan al\u0131yoruz!<\/p>\t\t\t<\/div>\n\t\t\t\t\t<\/div>\n\t\t<\/div>\n\n\t\t\t<\/div>\n\t\t\t\t<\/div>\n\t\t\t\t\t<\/div>\n\t\t<\/div>\n\t\t\t\t\t\t\t<\/div>\n\t\t<\/section>\n\t\t\t\t<section class=\"elementor-section elementor-inner-section elementor-element elementor-element-1b68be0 elementor-section-boxed elementor-section-height-default elementor-section-height-default\" data-id=\"1b68be0\" data-element_type=\"section\">\n\t\t\t\t\t\t<div class=\"elementor-container elementor-column-gap-default\">\n\t\t\t\t\t<div class=\"elementor-column elementor-col-33 elementor-inner-column elementor-element elementor-element-44e29ee\" data-id=\"44e29ee\" data-element_type=\"column\">\n\t\t\t<div class=\"elementor-widget-wrap elementor-element-populated\">\n\t\t\t\t\t\t\t\t<div class=\"elementor-element elementor-element-6673f13 elementor-widget elementor-widget-stm-icon-box\" data-id=\"6673f13\" data-element_type=\"widget\" data-widget_type=\"stm-icon-box.default\">\n\t\t\t\t<div class=\"elementor-widget-container\">\n\t\t\t\n\t<div class=\"icon-box stm-layout-box-car_dealer\">\n\t\t<div class=\"boat-line\"><\/div>\n\t\t\t\t\t<div class=\"icon boat-third-color icon_element\">\n\t\t\t\t<i aria-hidden=\"true\" class=\"fas fa-money-bill-wave-alt\"><\/i>\t\t\t<\/div>\n\t\t\t\t<div class=\"icon-text\">\n\t\t\t\t\t\t<h4 class=\"title heading-font\">\n\t\t\t\tUygun Fiyatlar\t\t<\/h4>\n\t\t\t\t\t\t<div class=\"content heading-font\">\n\t\t\t\t<p>S\u00fcrpriz yok-bankay\u0131 bozmayacak basit fiyatland\u0131rman\u0131n tad\u0131n\u0131 \u00e7\u0131kar\u0131n.<\/p>\t\t\t<\/div>\n\t\t\t\t\t<\/div>\n\t\t<\/div>\n\n\t\t\t<\/div>\n\t\t\t\t<\/div>\n\t\t\t\t\t<\/div>\n\t\t<\/div>\n\t\t\t\t<div class=\"elementor-column elementor-col-33 elementor-inner-column elementor-element elementor-element-89089ee\" data-id=\"89089ee\" data-element_type=\"column\">\n\t\t\t<div class=\"elementor-widget-wrap elementor-element-populated\">\n\t\t\t\t\t\t\t\t<div class=\"elementor-element elementor-element-a056569 elementor-widget elementor-widget-stm-icon-box\" data-id=\"a056569\" data-element_type=\"widget\" data-widget_type=\"stm-icon-box.default\">\n\t\t\t\t<div class=\"elementor-widget-container\">\n\t\t\t\n\t<div class=\"icon-box stm-layout-box-car_dealer\">\n\t\t<div class=\"boat-line\"><\/div>\n\t\t\t\t\t<div class=\"icon boat-third-color icon_element\">\n\t\t\t\t<i aria-hidden=\"true\" class=\"stmicon- stm-icon-transmission2\"><\/i>\t\t\t<\/div>\n\t\t\t\t<div class=\"icon-text\">\n\t\t\t\t\t\t<h4 class=\"title heading-font\">\n\t\t\t\tOtomatik \/ D\u00fcz Vites\t\t<\/h4>\n\t\t\t\t\t\t<div class=\"content heading-font\">\n\t\t\t\t<p>Otomatik mi manuel mi? Sorunsuz bir s\u00fcr\u00fc\u015f i\u00e7in se\u00e7iminiz.<\/p>\t\t\t<\/div>\n\t\t\t\t\t<\/div>\n\t\t<\/div>\n\n\t\t\t<\/div>\n\t\t\t\t<\/div>\n\t\t\t\t\t<\/div>\n\t\t<\/div>\n\t\t\t\t<div class=\"elementor-column elementor-col-33 elementor-inner-column elementor-element elementor-element-0aab724\" data-id=\"0aab724\" data-element_type=\"column\">\n\t\t\t<div class=\"elementor-widget-wrap elementor-element-populated\">\n\t\t\t\t\t\t\t\t<div class=\"elementor-element elementor-element-da2f16e elementor-widget elementor-widget-stm-icon-box\" data-id=\"da2f16e\" data-element_type=\"widget\" data-widget_type=\"stm-icon-box.default\">\n\t\t\t\t<div class=\"elementor-widget-container\">\n\t\t\t\n\t<div class=\"icon-box stm-layout-box-car_dealer\">\n\t\t<div class=\"boat-line\"><\/div>\n\t\t\t\t\t<div class=\"icon boat-third-color icon_element\">\n\t\t\t\t<i aria-hidden=\"true\" class=\"stmrental- stm-rental-support_rent\"><\/i>\t\t\t<\/div>\n\t\t\t\t<div class=\"icon-text\">\n\t\t\t\t\t\t<h4 class=\"title heading-font\">\n\t\t\t\tG\u00fcvenilir Destek\t\t<\/h4>\n\t\t\t\t\t\t<div class=\"content heading-font\">\n\t\t\t\t<p>Sorular\u0131n\u0131z m\u0131 var? Destek ekibimiz gece g\u00fcnd\u00fcz arkan\u0131zda.<\/p>\t\t\t<\/div>\n\t\t\t\t\t<\/div>\n\t\t<\/div>\n\n\t\t\t<\/div>\n\t\t\t\t<\/div>\n\t\t\t\t\t<\/div>\n\t\t<\/div>\n\t\t\t\t\t\t\t<\/div>\n\t\t<\/section>\n\t\t\t\t\t<\/div>\n\t\t<\/div>\n\t\t\t\t\t\t\t<\/div>\n\t\t<\/section>\n\t\t\t\t\t\t\t<\/div>","protected":false},"excerpt":{"rendered":"<p>CONTACT US Your message FIRST NAME* EMAIL* Athens Office Roumpesi 16, Neos Kosmos, 11744, Athens, Greece Office: +30 6988005468 Monday \u2013 Saturday: 09:30 \u2013 17:30Sunday: Closed WHY CHOOSE US Customer Satisfaction Exceptional service, reliable fleet, tailored solutions \u2013 your satisfaction, our priority. New and Clean Vehicles Cruise in style with our fleet of fresh, spotless&#8230;<\/p>","protected":false},"author":1,"featured_media":0,"parent":0,"menu_order":0,"comment_status":"closed","ping_status":"closed","template":"","meta":{"footnotes":""},"yoast_head":"<!-- This site is optimized with the Yoast SEO Premium plugin v17.6 (Yoast SEO v17.6) - https:\/\/yoast.com\/wordpress\/plugins\/seo\/ -->\n<title>Contact Us &ndash; Rain Car Rental<\/title>\n<meta name=\"robots\" content=\"index, follow, max-snippet:-1, max-image-preview:large, max-video-preview:-1\" \/>\n<link rel=\"canonical\" href=\"https:\/\/raincarrental.com\/tr\/contact-us\/\" \/>\n<meta property=\"og:locale\" content=\"tr_TR\" \/>\n<meta property=\"og:type\" content=\"article\" \/>\n<meta property=\"og:title\" content=\"Contact Us\" \/>\n<meta property=\"og:description\" content=\"CONTACT US Your message FIRST NAME* EMAIL* Athens Office Roumpesi 16, Neos Kosmos, 11744, Athens, Greece Office: +30 6988005468 Monday \u2013 Saturday: 09:30 \u2013 17:30Sunday: Closed WHY CHOOSE US Customer Satisfaction Exceptional service, reliable fleet, tailored solutions \u2013 your satisfaction, our priority. New and Clean Vehicles Cruise in style with our fleet of fresh, spotless...\" \/>\n<meta property=\"og:url\" content=\"https:\/\/raincarrental.com\/tr\/contact-us\/\" \/>\n<meta property=\"og:site_name\" content=\"Rain Car Rental\" \/>\n<meta property=\"article:modified_time\" content=\"2023-12-14T19:28:49+00:00\" \/>\n<meta name=\"twitter:card\" content=\"summary_large_image\" \/>\n<script type=\"application\/ld+json\" class=\"yoast-schema-graph\">{\"@context\":\"https:\/\/schema.org\",\"@graph\":[{\"@type\":\"Organization\",\"@id\":\"https:\/\/raincarrental.com\/#organization\",\"name\":\"Rain Car \/ Car Sales & Rental Athens\",\"url\":\"https:\/\/raincarrental.com\/\",\"sameAs\":[],\"logo\":{\"@type\":\"ImageObject\",\"@id\":\"https:\/\/raincarrental.com\/#logo\",\"inLanguage\":\"tr\",\"url\":\"https:\/\/raincarrental.com\/wp-content\/uploads\/2023\/11\/logo-square.jpeg\",\"contentUrl\":\"https:\/\/raincarrental.com\/wp-content\/uploads\/2023\/11\/logo-square.jpeg\",\"width\":650,\"height\":650,\"caption\":\"Rain Car \/ Car Sales & Rental Athens\"},\"image\":{\"@id\":\"https:\/\/raincarrental.com\/#logo\"}},{\"@type\":\"WebSite\",\"@id\":\"https:\/\/raincarrental.com\/#website\",\"url\":\"https:\/\/raincarrental.com\/\",\"name\":\"Rain Car Rental\",\"description\":\"Rent a Car. Rain Car \/ Athens Car Sales &amp; Rental Athens\",\"publisher\":{\"@id\":\"https:\/\/raincarrental.com\/#organization\"},\"potentialAction\":[{\"@type\":\"SearchAction\",\"target\":{\"@type\":\"EntryPoint\",\"urlTemplate\":\"https:\/\/raincarrental.com\/?s={search_term_string}\"},\"query-input\":\"required name=search_term_string\"}],\"inLanguage\":\"tr\"},{\"@type\":\"WebPage\",\"@id\":\"https:\/\/raincarrental.com\/contact-us\/#webpage\",\"url\":\"https:\/\/raincarrental.com\/contact-us\/\",\"name\":\"Contact Us &ndash; Rain Car Rental\",\"isPartOf\":{\"@id\":\"https:\/\/raincarrental.com\/#website\"},\"datePublished\":\"2017-01-24T11:40:35+00:00\",\"dateModified\":\"2023-12-14T19:28:49+00:00\",\"breadcrumb\":{\"@id\":\"https:\/\/raincarrental.com\/contact-us\/#breadcrumb\"},\"inLanguage\":\"tr\",\"potentialAction\":[{\"@type\":\"ReadAction\",\"target\":[\"https:\/\/raincarrental.com\/contact-us\/\"]}]},{\"@type\":\"BreadcrumbList\",\"@id\":\"https:\/\/raincarrental.com\/contact-us\/#breadcrumb\",\"itemListElement\":[{\"@type\":\"ListItem\",\"position\":1,\"name\":\"Home\",\"item\":\"https:\/\/raincarrental.com\/\"},{\"@type\":\"ListItem\",\"position\":2,\"name\":\"Contact Us\"}]}]}<\/script>\n<!-- \/ Yoast SEO Premium plugin. -->","yoast_head_json":{"title":"Contact Us &ndash; Rain Car Rental","robots":{"index":"index","follow":"follow","max-snippet":"max-snippet:-1","max-image-preview":"max-image-preview:large","max-video-preview":"max-video-preview:-1"},"canonical":"https:\/\/raincarrental.com\/tr\/contact-us\/","og_locale":"tr_TR","og_type":"article","og_title":"Contact Us","og_description":"CONTACT US Your message FIRST NAME* EMAIL* Athens Office Roumpesi 16, Neos Kosmos, 11744, Athens, Greece Office: +30 6988005468 Monday \u2013 Saturday: 09:30 \u2013 17:30Sunday: Closed WHY CHOOSE US Customer Satisfaction Exceptional service, reliable fleet, tailored solutions \u2013 your satisfaction, our priority. New and Clean Vehicles Cruise in style with our fleet of fresh, spotless...","og_url":"https:\/\/raincarrental.com\/tr\/contact-us\/","og_site_name":"Rain Car Rental","article_modified_time":"2023-12-14T19:28:49+00:00","twitter_card":"summary_large_image","schema":{"@context":"https:\/\/schema.org","@graph":[{"@type":"Organization","@id":"https:\/\/raincarrental.com\/#organization","name":"Rain Car \/ Car Sales & Rental Athens","url":"https:\/\/raincarrental.com\/","sameAs":[],"logo":{"@type":"ImageObject","@id":"https:\/\/raincarrental.com\/#logo","inLanguage":"tr","url":"https:\/\/raincarrental.com\/wp-content\/uploads\/2023\/11\/logo-square.jpeg","contentUrl":"https:\/\/raincarrental.com\/wp-content\/uploads\/2023\/11\/logo-square.jpeg","width":650,"height":650,"caption":"Rain Car \/ Car Sales & Rental Athens"},"image":{"@id":"https:\/\/raincarrental.com\/#logo"}},{"@type":"WebSite","@id":"https:\/\/raincarrental.com\/#website","url":"https:\/\/raincarrental.com\/","name":"Rain Car Rental","description":"Rent a Car. Rain Car \/ Athens Car Sales &amp; Rental Athens","publisher":{"@id":"https:\/\/raincarrental.com\/#organization"},"potentialAction":[{"@type":"SearchAction","target":{"@type":"EntryPoint","urlTemplate":"https:\/\/raincarrental.com\/?s={search_term_string}"},"query-input":"required name=search_term_string"}],"inLanguage":"tr"},{"@type":"WebPage","@id":"https:\/\/raincarrental.com\/contact-us\/#webpage","url":"https:\/\/raincarrental.com\/contact-us\/","name":"Contact Us &ndash; Rain Car Rental","isPartOf":{"@id":"https:\/\/raincarrental.com\/#website"},"datePublished":"2017-01-24T11:40:35+00:00","dateModified":"2023-12-14T19:28:49+00:00","breadcrumb":{"@id":"https:\/\/raincarrental.com\/contact-us\/#breadcrumb"},"inLanguage":"tr","potentialAction":[{"@type":"ReadAction","target":["https:\/\/raincarrental.com\/contact-us\/"]}]},{"@type":"BreadcrumbList","@id":"https:\/\/raincarrental.com\/contact-us\/#breadcrumb","itemListElement":[{"@type":"ListItem","position":1,"name":"Home","item":"https:\/\/raincarrental.com\/"},{"@type":"ListItem","position":2,"name":"Contact Us"}]}]}},"_links":{"self":[{"href":"https:\/\/raincarrental.com\/tr\/wp-json\/wp\/v2\/pages\/311"}],"collection":[{"href":"https:\/\/raincarrental.com\/tr\/wp-json\/wp\/v2\/pages"}],"about":[{"href":"https:\/\/raincarrental.com\/tr\/wp-json\/wp\/v2\/types\/page"}],"author":[{"embeddable":true,"href":"https:\/\/raincarrental.com\/tr\/wp-json\/wp\/v2\/users\/1"}],"replies":[{"embeddable":true,"href":"https:\/\/raincarrental.com\/tr\/wp-json\/wp\/v2\/comments?post=311"}],"version-history":[{"count":18,"href":"https:\/\/raincarrental.com\/tr\/wp-json\/wp\/v2\/pages\/311\/revisions"}],"predecessor-version":[{"id":6759,"href":"https:\/\/raincarrental.com\/tr\/wp-json\/wp\/v2\/pages\/311\/revisions\/6759"}],"wp:attachment":[{"href":"https:\/\/raincarrental.com\/tr\/wp-json\/wp\/v2\/media?parent=311"}],"curies":[{"name":"wp","href":"https:\/\/api.w.org\/{rel}","templated":true}]}}