{"id":2067,"date":"2016-04-07T07:42:39","date_gmt":"2016-04-07T07:42:39","guid":{"rendered":"http:\/\/motors-demo.loc\/dealer_two\/?page_id=2067"},"modified":"2023-12-14T19:15:06","modified_gmt":"2023-12-14T19:15:06","slug":"about-us","status":"publish","type":"page","link":"https:\/\/raincarrental.com\/tr\/about-us\/","title":{"rendered":"Hakk\u0131m\u0131zda"},"content":{"rendered":"<div data-elementor-type=\"wp-page\" data-elementor-id=\"2067\" class=\"elementor elementor-2067\" data-elementor-post-type=\"page\">\n\t\t\t\t\t\t\t\t\t<section class=\"elementor-section elementor-top-section elementor-element elementor-element-4fd4f1d elementor-section-boxed elementor-section-height-default elementor-section-height-default\" data-id=\"4fd4f1d\" data-element_type=\"section\">\n\t\t\t\t\t\t<div class=\"elementor-container elementor-column-gap-default\">\n\t\t\t\t\t<div class=\"elementor-column elementor-col-50 elementor-top-column elementor-element elementor-element-14f77ae\" data-id=\"14f77ae\" data-element_type=\"column\">\n\t\t\t<div class=\"elementor-widget-wrap elementor-element-populated\">\n\t\t\t\t\t\t\t\t<div class=\"elementor-element elementor-element-f5f5579 elementor-widget elementor-widget-text-editor\" data-id=\"f5f5579\" data-element_type=\"widget\" data-widget_type=\"text-editor.default\">\n\t\t\t\t<div class=\"elementor-widget-container\">\n\t\t\t<style>\/*! elementor - v3.17.0 - 08-11-2023 *\/\n.elementor-widget-text-editor.elementor-drop-cap-view-stacked .elementor-drop-cap{background-color:#69727d;color:#fff}.elementor-widget-text-editor.elementor-drop-cap-view-framed .elementor-drop-cap{color:#69727d;border:3px solid;background-color:transparent}.elementor-widget-text-editor:not(.elementor-drop-cap-view-default) .elementor-drop-cap{margin-top:8px}.elementor-widget-text-editor:not(.elementor-drop-cap-view-default) .elementor-drop-cap-letter{width:1em;height:1em}.elementor-widget-text-editor .elementor-drop-cap{float:left;text-align:center;line-height:1;font-size:50px}.elementor-widget-text-editor .elementor-drop-cap-letter{display:inline-block}<\/style>\t\t\t\t<h3>YA\u011eMUR ARABASINA HO\u015e GELD\u0130N\u0130Z <span style=\"color: #e63946;\">K\u0130RALAMA<\/span><\/h3>\n<h5 style=\"margin-bottom: 22px;\">M\u00fc\u015fterilerimize ara\u00e7 kiralama hizmeti sunan bir ara\u00e7 kiralama \u015firketiyiz. Misyonumuz m\u00fc\u015fterilerimize g\u00fcvenilir, kaliteli ve uygun fiyatl\u0131 ara\u00e7 kiralama \u00e7\u00f6z\u00fcmleri sunmakt\u0131r.<\/h5>\n<p style=\"margin-bottom: 26px;\">Firmam\u0131z geni\u015f bir ara\u00e7 filosuna sahiptir ve m\u00fc\u015fterilerimize farkl\u0131 marka, model ve ara\u00e7 \u00e7e\u015fitleri sunmaktay\u0131z. Kiralama s\u00fcresine ve ihtiya\u00e7lar\u0131na g\u00f6re farkl\u0131 se\u00e7enekler sunarak m\u00fc\u015fterilerimizin beklentilerini kar\u015f\u0131lamay\u0131 hedefliyoruz.\nM\u00fc\u015fteri memnuniyetine b\u00fcy\u00fck \u00f6nem veriyor, profesyonel, g\u00fcler y\u00fczl\u00fc ve yard\u0131msever kadromuzla m\u00fc\u015fterilerimize en iyi hizmeti vermeye \u00e7al\u0131\u015f\u0131yoruz. Kiral\u0131k ara\u00e7lar\u0131m\u0131z\u0131 m\u00fc\u015fterilerimize temiz, bak\u0131ml\u0131 ve g\u00fcvenli bir \u015fekilde teslim ediyoruz.\nRezervasyon s\u00fcrecimiz kolay ve h\u0131zl\u0131d\u0131r. M\u00fc\u015fterilerimiz online platformumuz \u00fczerinden veya telefonla rezervasyon yapabilirler. Ayr\u0131ca m\u00fc\u015fterilerimizin \u00f6zel taleplerini kar\u015f\u0131lamak i\u00e7in esneklik sunuyoruz.\nM\u00fc\u015fterilerimize havaalan\u0131 transferleri, \u015fehir i\u00e7i veya \u015fehirleraras\u0131 seyahatler, i\u015f toplant\u0131lar\u0131 veya tatiller i\u00e7in ara\u00e7 kiralama hizmeti sunuyoruz. Ayr\u0131ca sigorta se\u00e7enekleri ve yol yard\u0131m\u0131 gibi hizmetler sunarak m\u00fc\u015fterilerimizin g\u00fcvenli\u011fini ve konforunu sa\u011flamay\u0131 hedefliyoruz.\nAra\u00e7 kiralama ihtiya\u00e7lar\u0131n\u0131z i\u00e7in bizimle ileti\u015fime ge\u00e7ebilir, kaliteli ve g\u00fcvenilir bir hizmet alabilirsiniz. Firmam\u0131z m\u00fc\u015fterilerimize uygun fiyatlarla ara\u00e7 kiralama imkan\u0131 ve tatmin edici bir deneyim sunmaktad\u0131r.<\/p>\t\t\t\t\t\t<\/div>\n\t\t\t\t<\/div>\n\t\t\t\t\t<\/div>\n\t\t<\/div>\n\t\t\t\t<div class=\"elementor-column elementor-col-50 elementor-top-column elementor-element elementor-element-4fc0b1f\" data-id=\"4fc0b1f\" data-element_type=\"column\">\n\t\t\t<div class=\"elementor-widget-wrap elementor-element-populated\">\n\t\t\t\t\t\t\t\t<div class=\"elementor-element elementor-element-2ad78c5 elementor-widget elementor-widget-image\" data-id=\"2ad78c5\" data-element_type=\"widget\" data-widget_type=\"image.default\">\n\t\t\t\t<div class=\"elementor-widget-container\">\n\t\t\t<style>\/*! elementor - v3.17.0 - 08-11-2023 *\/\n.elementor-widget-image{text-align:center}.elementor-widget-image a{display:inline-block}.elementor-widget-image a img[src$=\".svg\"]{width:48px}.elementor-widget-image img{vertical-align:middle;display:inline-block}<\/style>\t\t\t\t\t\t\t\t\t\t\t\t<img decoding=\"async\" src=\"https:\/\/raincarrental.com\/wp-content\/uploads\/2023\/10\/Fotolia_53618826_Subscription_Monthly_M-1024x682-1.jpg\" title=\"Fotolia_53618826_Subscription_Monthly_M-1024&#215;682\" alt=\"motors_placeholder\" loading=\"lazy\" \/>\t\t\t\t\t\t\t\t\t\t\t\t\t\t\t<\/div>\n\t\t\t\t<\/div>\n\t\t\t\t<div class=\"elementor-element elementor-element-83d5219 elementor-mobile-align-left elementor-widget__width-initial elementor-widget-tablet__width-inherit elementor-widget elementor-widget-button\" data-id=\"83d5219\" data-element_type=\"widget\" data-widget_type=\"button.default\">\n\t\t\t\t<div class=\"elementor-widget-container\">\n\t\t\t\t\t<div class=\"elementor-button-wrapper\">\n\t\t\t<a class=\"elementor-button elementor-button-link elementor-size-sm\" href=\"https:\/\/raincarrental.com\/tr\/our-cars\/\">\n\t\t\t\t\t\t<span class=\"elementor-button-content-wrapper\">\n\t\t\t\t\t\t<span class=\"elementor-button-icon elementor-align-icon-left\">\n\t\t\t\t<i aria-hidden=\"true\" class=\"fas fa-car-alt\"><\/i>\t\t\t<\/span>\n\t\t\t\t\t\t<span class=\"elementor-button-text\">Atina&#039;da Ara\u00e7 Kiralama<\/span>\n\t\t<\/span>\n\t\t\t\t\t<\/a>\n\t\t<\/div>\n\t\t\t\t<\/div>\n\t\t\t\t<\/div>\n\t\t\t\t\t<\/div>\n\t\t<\/div>\n\t\t\t\t\t\t\t<\/div>\n\t\t<\/section>\n\t\t\t\t<section class=\"elementor-section elementor-top-section elementor-element elementor-element-b0819ce elementor-section-boxed elementor-section-height-default elementor-section-height-default\" data-id=\"b0819ce\" data-element_type=\"section\">\n\t\t\t\t\t\t<div class=\"elementor-container elementor-column-gap-default\">\n\t\t\t\t\t<div class=\"elementor-column elementor-col-100 elementor-top-column elementor-element elementor-element-15bf33f\" data-id=\"15bf33f\" data-element_type=\"column\">\n\t\t\t<div class=\"elementor-widget-wrap elementor-element-populated\">\n\t\t\t\t\t\t\t\t<div class=\"elementor-element elementor-element-fe011ab elementor-widget elementor-widget-heading\" data-id=\"fe011ab\" data-element_type=\"widget\" data-widget_type=\"heading.default\">\n\t\t\t\t<div class=\"elementor-widget-container\">\n\t\t\t<style>\/*! elementor - v3.17.0 - 08-11-2023 *\/\n.elementor-heading-title{padding:0;margin:0;line-height:1}.elementor-widget-heading .elementor-heading-title[class*=elementor-size-]>a{color:inherit;font-size:inherit;line-height:inherit}.elementor-widget-heading .elementor-heading-title.elementor-size-small{font-size:15px}.elementor-widget-heading .elementor-heading-title.elementor-size-medium{font-size:19px}.elementor-widget-heading .elementor-heading-title.elementor-size-large{font-size:29px}.elementor-widget-heading .elementor-heading-title.elementor-size-xl{font-size:39px}.elementor-widget-heading .elementor-heading-title.elementor-size-xxl{font-size:59px}<\/style><h2 class=\"elementor-heading-title elementor-size-default\">NEDEN B\u0130Z\u0130 SE\u00c7MEL\u0130S\u0130N\u0130Z<\/h2>\t\t<\/div>\n\t\t\t\t<\/div>\n\t\t\t\t\t<\/div>\n\t\t<\/div>\n\t\t\t\t\t\t\t<\/div>\n\t\t<\/section>\n\t\t\t\t<section class=\"elementor-section elementor-top-section elementor-element elementor-element-4c08d5f elementor-section-boxed elementor-section-height-default elementor-section-height-default\" data-id=\"4c08d5f\" data-element_type=\"section\">\n\t\t\t\t\t\t<div class=\"elementor-container elementor-column-gap-default\">\n\t\t\t\t\t<div class=\"elementor-column elementor-col-100 elementor-top-column elementor-element elementor-element-d6b5ac0\" data-id=\"d6b5ac0\" data-element_type=\"column\">\n\t\t\t<div class=\"elementor-widget-wrap elementor-element-populated\">\n\t\t\t\t\t\t\t\t<section class=\"elementor-section elementor-inner-section elementor-element elementor-element-1968b50 elementor-section-boxed elementor-section-height-default elementor-section-height-default\" data-id=\"1968b50\" data-element_type=\"section\">\n\t\t\t\t\t\t<div class=\"elementor-container elementor-column-gap-default\">\n\t\t\t\t\t<div class=\"elementor-column elementor-col-33 elementor-inner-column elementor-element elementor-element-ba868ee\" data-id=\"ba868ee\" data-element_type=\"column\">\n\t\t\t<div class=\"elementor-widget-wrap elementor-element-populated\">\n\t\t\t\t\t\t\t\t<div class=\"elementor-element elementor-element-080c875 elementor-widget elementor-widget-stm-icon-box\" data-id=\"080c875\" data-element_type=\"widget\" data-widget_type=\"stm-icon-box.default\">\n\t\t\t\t<div class=\"elementor-widget-container\">\n\t\t\t\n\t<div class=\"icon-box stm-layout-box-car_dealer\">\n\t\t<div class=\"boat-line\"><\/div>\n\t\t\t\t\t<div class=\"icon boat-third-color icon_element\">\n\t\t\t\t<i aria-hidden=\"true\" class=\"far fa-thumbs-up\"><\/i>\t\t\t<\/div>\n\t\t\t\t<div class=\"icon-text\">\n\t\t\t\t\t\t<h4 class=\"title heading-font\">\n\t\t\t\tM\u00fc\u015fteri Memnuniyeti\t\t<\/h4>\n\t\t\t\t\t\t<div class=\"content heading-font\">\n\t\t\t\t<div class=\"w-full text-token-text-primary\" data-testid=\"conversation-turn-5\"><div class=\"px-4 py-2 justify-center text-base md:gap-6 m-auto\"><div class=\"flex flex-1 text-base mx-auto gap-3 md:px-5 lg:px-1 xl:px-5 md:max-w-3xl lg:max-w-[40rem] xl:max-w-[48rem] } group\"><div class=\"relative flex w-full flex-col lg:w-[calc(100%-115px)] agent-turn\"><div class=\"flex-col gap-1 md:gap-3\"><div class=\"flex flex-grow flex-col max-w-full\"><div class=\"min-h-[20px] text-message flex flex-col items-start gap-3 whitespace-pre-wrap break-words [.text-message+&amp;]:mt-5 overflow-x-auto\" data-message-author-role=\"assistant\" data-message-id=\"6b13c757-d98d-4393-84e5-e97356bbd9b6\"><div class=\"markdown prose w-full break-words dark:prose-invert light\"><p>Ola\u011fan\u00fcst\u00fc hizmet, g\u00fcvenilir filo, \u00f6zel \u00e7\u00f6z\u00fcmler-sizin memnuniyetiniz, \u00f6nceli\u011fimiz.<\/p><\/div><\/div><\/div><\/div><\/div><\/div><\/div><\/div>\t\t\t<\/div>\n\t\t\t\t\t<\/div>\n\t\t<\/div>\n\n\t\t\t<\/div>\n\t\t\t\t<\/div>\n\t\t\t\t\t<\/div>\n\t\t<\/div>\n\t\t\t\t<div class=\"elementor-column elementor-col-33 elementor-inner-column elementor-element elementor-element-452623e\" data-id=\"452623e\" data-element_type=\"column\">\n\t\t\t<div class=\"elementor-widget-wrap elementor-element-populated\">\n\t\t\t\t\t\t\t\t<div class=\"elementor-element elementor-element-c406971 elementor-widget elementor-widget-stm-icon-box\" data-id=\"c406971\" data-element_type=\"widget\" data-widget_type=\"stm-icon-box.default\">\n\t\t\t\t<div class=\"elementor-widget-container\">\n\t\t\t\n\t<div class=\"icon-box stm-layout-box-car_dealer\">\n\t\t<div class=\"boat-line\"><\/div>\n\t\t\t\t\t<div class=\"icon boat-third-color icon_element\">\n\t\t\t\t<i aria-hidden=\"true\" class=\"stmrental- stm-rental-medal_rent\"><\/i>\t\t\t<\/div>\n\t\t\t\t<div class=\"icon-text\">\n\t\t\t\t\t\t<h4 class=\"title heading-font\">\n\t\t\t\tYeni ve Temiz Ara\u00e7lar\t\t<\/h4>\n\t\t\t\t\t\t<div class=\"content heading-font\">\n\t\t\t\t<p>Taze, lekesiz s\u00fcr\u00fc\u015f filomuzla \u015f\u0131k bir yolculuk yap\u0131n.<\/p>\t\t\t<\/div>\n\t\t\t\t\t<\/div>\n\t\t<\/div>\n\n\t\t\t<\/div>\n\t\t\t\t<\/div>\n\t\t\t\t\t<\/div>\n\t\t<\/div>\n\t\t\t\t<div class=\"elementor-column elementor-col-33 elementor-inner-column elementor-element elementor-element-4cb6179\" data-id=\"4cb6179\" data-element_type=\"column\">\n\t\t\t<div class=\"elementor-widget-wrap elementor-element-populated\">\n\t\t\t\t\t\t\t\t<div class=\"elementor-element elementor-element-a393805 elementor-widget elementor-widget-stm-icon-box\" data-id=\"a393805\" data-element_type=\"widget\" data-widget_type=\"stm-icon-box.default\">\n\t\t\t\t<div class=\"elementor-widget-container\">\n\t\t\t\n\t<div class=\"icon-box stm-layout-box-car_dealer\">\n\t\t<div class=\"boat-line\"><\/div>\n\t\t\t\t\t<div class=\"icon boat-third-color icon_element\">\n\t\t\t\t<i aria-hidden=\"true\" class=\"fas fa-map-marked-alt\"><\/i>\t\t\t<\/div>\n\t\t\t\t<div class=\"icon-text\">\n\t\t\t\t\t\t<h4 class=\"title heading-font\">\n\t\t\t\tHavaalan\u0131ndan Kar\u015f\u0131lama!\t\t<\/h4>\n\t\t\t\t\t\t<div class=\"content heading-font\">\n\t\t\t\t<p>Zahmeti atlay\u0131n-sizi do\u011frudan havaalan\u0131ndan al\u0131yoruz!<\/p>\t\t\t<\/div>\n\t\t\t\t\t<\/div>\n\t\t<\/div>\n\n\t\t\t<\/div>\n\t\t\t\t<\/div>\n\t\t\t\t\t<\/div>\n\t\t<\/div>\n\t\t\t\t\t\t\t<\/div>\n\t\t<\/section>\n\t\t\t\t<section class=\"elementor-section elementor-inner-section elementor-element elementor-element-9799eaf elementor-section-boxed elementor-section-height-default elementor-section-height-default\" data-id=\"9799eaf\" data-element_type=\"section\">\n\t\t\t\t\t\t<div class=\"elementor-container elementor-column-gap-default\">\n\t\t\t\t\t<div class=\"elementor-column elementor-col-33 elementor-inner-column elementor-element elementor-element-2dc4a23\" data-id=\"2dc4a23\" data-element_type=\"column\">\n\t\t\t<div class=\"elementor-widget-wrap elementor-element-populated\">\n\t\t\t\t\t\t\t\t<div class=\"elementor-element elementor-element-901be05 elementor-widget elementor-widget-stm-icon-box\" data-id=\"901be05\" data-element_type=\"widget\" data-widget_type=\"stm-icon-box.default\">\n\t\t\t\t<div class=\"elementor-widget-container\">\n\t\t\t\n\t<div class=\"icon-box stm-layout-box-car_dealer\">\n\t\t<div class=\"boat-line\"><\/div>\n\t\t\t\t\t<div class=\"icon boat-third-color icon_element\">\n\t\t\t\t<i aria-hidden=\"true\" class=\"fas fa-money-bill-wave-alt\"><\/i>\t\t\t<\/div>\n\t\t\t\t<div class=\"icon-text\">\n\t\t\t\t\t\t<h4 class=\"title heading-font\">\n\t\t\t\tUygun Fiyatlar\t\t<\/h4>\n\t\t\t\t\t\t<div class=\"content heading-font\">\n\t\t\t\t<p>S\u00fcrpriz yok-bankay\u0131 bozmayacak basit fiyatland\u0131rman\u0131n tad\u0131n\u0131 \u00e7\u0131kar\u0131n.<\/p>\t\t\t<\/div>\n\t\t\t\t\t<\/div>\n\t\t<\/div>\n\n\t\t\t<\/div>\n\t\t\t\t<\/div>\n\t\t\t\t\t<\/div>\n\t\t<\/div>\n\t\t\t\t<div class=\"elementor-column elementor-col-33 elementor-inner-column elementor-element elementor-element-fe30ec8\" data-id=\"fe30ec8\" data-element_type=\"column\">\n\t\t\t<div class=\"elementor-widget-wrap elementor-element-populated\">\n\t\t\t\t\t\t\t\t<div class=\"elementor-element elementor-element-bee4dda elementor-widget elementor-widget-stm-icon-box\" data-id=\"bee4dda\" data-element_type=\"widget\" data-widget_type=\"stm-icon-box.default\">\n\t\t\t\t<div class=\"elementor-widget-container\">\n\t\t\t\n\t<div class=\"icon-box stm-layout-box-car_dealer\">\n\t\t<div class=\"boat-line\"><\/div>\n\t\t\t\t\t<div class=\"icon boat-third-color icon_element\">\n\t\t\t\t<i aria-hidden=\"true\" class=\"stmicon- stm-icon-transmission2\"><\/i>\t\t\t<\/div>\n\t\t\t\t<div class=\"icon-text\">\n\t\t\t\t\t\t<h4 class=\"title heading-font\">\n\t\t\t\tOtomatik \/ D\u00fcz Vites\t\t<\/h4>\n\t\t\t\t\t\t<div class=\"content heading-font\">\n\t\t\t\t<p>Otomatik mi manuel mi? Sorunsuz bir s\u00fcr\u00fc\u015f i\u00e7in se\u00e7iminiz.<\/p>\t\t\t<\/div>\n\t\t\t\t\t<\/div>\n\t\t<\/div>\n\n\t\t\t<\/div>\n\t\t\t\t<\/div>\n\t\t\t\t\t<\/div>\n\t\t<\/div>\n\t\t\t\t<div class=\"elementor-column elementor-col-33 elementor-inner-column elementor-element elementor-element-6ccdc45\" data-id=\"6ccdc45\" data-element_type=\"column\">\n\t\t\t<div class=\"elementor-widget-wrap elementor-element-populated\">\n\t\t\t\t\t\t\t\t<div class=\"elementor-element elementor-element-99db469 elementor-widget elementor-widget-stm-icon-box\" data-id=\"99db469\" data-element_type=\"widget\" data-widget_type=\"stm-icon-box.default\">\n\t\t\t\t<div class=\"elementor-widget-container\">\n\t\t\t\n\t<div class=\"icon-box stm-layout-box-car_dealer\">\n\t\t<div class=\"boat-line\"><\/div>\n\t\t\t\t\t<div class=\"icon boat-third-color icon_element\">\n\t\t\t\t<i aria-hidden=\"true\" class=\"stmrental- stm-rental-support_rent\"><\/i>\t\t\t<\/div>\n\t\t\t\t<div class=\"icon-text\">\n\t\t\t\t\t\t<h4 class=\"title heading-font\">\n\t\t\t\tG\u00fcvenilir Destek\t\t<\/h4>\n\t\t\t\t\t\t<div class=\"content heading-font\">\n\t\t\t\t<p>Sorular\u0131n\u0131z m\u0131 var? Destek ekibimiz gece g\u00fcnd\u00fcz arkan\u0131zda.<\/p>\t\t\t<\/div>\n\t\t\t\t\t<\/div>\n\t\t<\/div>\n\n\t\t\t<\/div>\n\t\t\t\t<\/div>\n\t\t\t\t\t<\/div>\n\t\t<\/div>\n\t\t\t\t\t\t\t<\/div>\n\t\t<\/section>\n\t\t\t\t\t<\/div>\n\t\t<\/div>\n\t\t\t\t\t\t\t<\/div>\n\t\t<\/section>\n\t\t\t\t\t\t\t<\/div>","protected":false},"excerpt":{"rendered":"<p>WELCOME TO RAIN CAR RENTAL We are a car rental company offering car rental services to customers. Our mission is to provide our customers with reliable, high quality and affordable car rental solutions. Our company has a large fleet of vehicles and we offer different brands, models and types of vehicles to our customers. We&#8230;<\/p>","protected":false},"author":1,"featured_media":0,"parent":0,"menu_order":0,"comment_status":"closed","ping_status":"closed","template":"","meta":{"footnotes":""},"yoast_head":"<!-- This site is optimized with the Yoast SEO Premium plugin v17.6 (Yoast SEO v17.6) - https:\/\/yoast.com\/wordpress\/plugins\/seo\/ -->\n<title>About Us &ndash; Rain Car Rental<\/title>\n<meta name=\"robots\" content=\"index, follow, max-snippet:-1, max-image-preview:large, max-video-preview:-1\" \/>\n<link rel=\"canonical\" href=\"https:\/\/raincarrental.com\/tr\/about-us\/\" \/>\n<meta property=\"og:locale\" content=\"tr_TR\" \/>\n<meta property=\"og:type\" content=\"article\" \/>\n<meta property=\"og:title\" content=\"About Us\" \/>\n<meta property=\"og:description\" content=\"WELCOME TO RAIN CAR RENTAL We are a car rental company offering car rental services to customers. Our mission is to provide our customers with reliable, high quality and affordable car rental solutions. Our company has a large fleet of vehicles and we offer different brands, models and types of vehicles to our customers. We...\" \/>\n<meta property=\"og:url\" content=\"https:\/\/raincarrental.com\/tr\/about-us\/\" \/>\n<meta property=\"og:site_name\" content=\"Rain Car Rental\" \/>\n<meta property=\"article:modified_time\" content=\"2023-12-14T19:15:06+00:00\" \/>\n<meta property=\"og:image\" content=\"https:\/\/raincarrental.com\/wp-content\/uploads\/2023\/10\/Fotolia_53618826_Subscription_Monthly_M-1024x682-1.jpg\" \/>\n<meta name=\"twitter:card\" content=\"summary_large_image\" \/>\n<meta name=\"twitter:label1\" content=\"Tahmini okuma s\u00fcresi\" \/>\n\t<meta name=\"twitter:data1\" content=\"2 dakika\" \/>\n<script type=\"application\/ld+json\" class=\"yoast-schema-graph\">{\"@context\":\"https:\/\/schema.org\",\"@graph\":[{\"@type\":\"Organization\",\"@id\":\"https:\/\/raincarrental.com\/#organization\",\"name\":\"Rain Car \/ Car Sales & Rental Athens\",\"url\":\"https:\/\/raincarrental.com\/\",\"sameAs\":[],\"logo\":{\"@type\":\"ImageObject\",\"@id\":\"https:\/\/raincarrental.com\/#logo\",\"inLanguage\":\"tr\",\"url\":\"https:\/\/raincarrental.com\/wp-content\/uploads\/2023\/11\/logo-square.jpeg\",\"contentUrl\":\"https:\/\/raincarrental.com\/wp-content\/uploads\/2023\/11\/logo-square.jpeg\",\"width\":650,\"height\":650,\"caption\":\"Rain Car \/ Car Sales & Rental Athens\"},\"image\":{\"@id\":\"https:\/\/raincarrental.com\/#logo\"}},{\"@type\":\"WebSite\",\"@id\":\"https:\/\/raincarrental.com\/#website\",\"url\":\"https:\/\/raincarrental.com\/\",\"name\":\"Rain Car Rental\",\"description\":\"Rent a Car. Rain Car \/ Athens Car Sales &amp; Rental Athens\",\"publisher\":{\"@id\":\"https:\/\/raincarrental.com\/#organization\"},\"potentialAction\":[{\"@type\":\"SearchAction\",\"target\":{\"@type\":\"EntryPoint\",\"urlTemplate\":\"https:\/\/raincarrental.com\/?s={search_term_string}\"},\"query-input\":\"required name=search_term_string\"}],\"inLanguage\":\"tr\"},{\"@type\":\"ImageObject\",\"@id\":\"https:\/\/raincarrental.com\/about-us\/#primaryimage\",\"inLanguage\":\"tr\",\"url\":\"https:\/\/raincarrental.com\/wp-content\/uploads\/2023\/10\/Fotolia_53618826_Subscription_Monthly_M-1024x682-1.jpg\",\"contentUrl\":\"https:\/\/raincarrental.com\/wp-content\/uploads\/2023\/10\/Fotolia_53618826_Subscription_Monthly_M-1024x682-1.jpg\",\"width\":1024,\"height\":682,\"caption\":\"motors_placeholder\"},{\"@type\":\"WebPage\",\"@id\":\"https:\/\/raincarrental.com\/about-us\/#webpage\",\"url\":\"https:\/\/raincarrental.com\/about-us\/\",\"name\":\"About Us &ndash; Rain Car Rental\",\"isPartOf\":{\"@id\":\"https:\/\/raincarrental.com\/#website\"},\"primaryImageOfPage\":{\"@id\":\"https:\/\/raincarrental.com\/about-us\/#primaryimage\"},\"datePublished\":\"2016-04-07T07:42:39+00:00\",\"dateModified\":\"2023-12-14T19:15:06+00:00\",\"breadcrumb\":{\"@id\":\"https:\/\/raincarrental.com\/about-us\/#breadcrumb\"},\"inLanguage\":\"tr\",\"potentialAction\":[{\"@type\":\"ReadAction\",\"target\":[\"https:\/\/raincarrental.com\/about-us\/\"]}]},{\"@type\":\"BreadcrumbList\",\"@id\":\"https:\/\/raincarrental.com\/about-us\/#breadcrumb\",\"itemListElement\":[{\"@type\":\"ListItem\",\"position\":1,\"name\":\"Home\",\"item\":\"https:\/\/raincarrental.com\/\"},{\"@type\":\"ListItem\",\"position\":2,\"name\":\"About Us\"}]}]}<\/script>\n<!-- \/ Yoast SEO Premium plugin. -->","yoast_head_json":{"title":"About Us &ndash; Rain Car Rental","robots":{"index":"index","follow":"follow","max-snippet":"max-snippet:-1","max-image-preview":"max-image-preview:large","max-video-preview":"max-video-preview:-1"},"canonical":"https:\/\/raincarrental.com\/tr\/about-us\/","og_locale":"tr_TR","og_type":"article","og_title":"About Us","og_description":"WELCOME TO RAIN CAR RENTAL We are a car rental company offering car rental services to customers. Our mission is to provide our customers with reliable, high quality and affordable car rental solutions. Our company has a large fleet of vehicles and we offer different brands, models and types of vehicles to our customers. We...","og_url":"https:\/\/raincarrental.com\/tr\/about-us\/","og_site_name":"Rain Car Rental","article_modified_time":"2023-12-14T19:15:06+00:00","og_image":[{"url":"https:\/\/raincarrental.com\/wp-content\/uploads\/2023\/10\/Fotolia_53618826_Subscription_Monthly_M-1024x682-1.jpg"}],"twitter_card":"summary_large_image","twitter_misc":{"Tahmini okuma s\u00fcresi":"2 dakika"},"schema":{"@context":"https:\/\/schema.org","@graph":[{"@type":"Organization","@id":"https:\/\/raincarrental.com\/#organization","name":"Rain Car \/ Car Sales & Rental Athens","url":"https:\/\/raincarrental.com\/","sameAs":[],"logo":{"@type":"ImageObject","@id":"https:\/\/raincarrental.com\/#logo","inLanguage":"tr","url":"https:\/\/raincarrental.com\/wp-content\/uploads\/2023\/11\/logo-square.jpeg","contentUrl":"https:\/\/raincarrental.com\/wp-content\/uploads\/2023\/11\/logo-square.jpeg","width":650,"height":650,"caption":"Rain Car \/ Car Sales & Rental Athens"},"image":{"@id":"https:\/\/raincarrental.com\/#logo"}},{"@type":"WebSite","@id":"https:\/\/raincarrental.com\/#website","url":"https:\/\/raincarrental.com\/","name":"Rain Car Rental","description":"Rent a Car. Rain Car \/ Athens Car Sales &amp; Rental Athens","publisher":{"@id":"https:\/\/raincarrental.com\/#organization"},"potentialAction":[{"@type":"SearchAction","target":{"@type":"EntryPoint","urlTemplate":"https:\/\/raincarrental.com\/?s={search_term_string}"},"query-input":"required name=search_term_string"}],"inLanguage":"tr"},{"@type":"ImageObject","@id":"https:\/\/raincarrental.com\/about-us\/#primaryimage","inLanguage":"tr","url":"https:\/\/raincarrental.com\/wp-content\/uploads\/2023\/10\/Fotolia_53618826_Subscription_Monthly_M-1024x682-1.jpg","contentUrl":"https:\/\/raincarrental.com\/wp-content\/uploads\/2023\/10\/Fotolia_53618826_Subscription_Monthly_M-1024x682-1.jpg","width":1024,"height":682,"caption":"motors_placeholder"},{"@type":"WebPage","@id":"https:\/\/raincarrental.com\/about-us\/#webpage","url":"https:\/\/raincarrental.com\/about-us\/","name":"About Us &ndash; Rain Car Rental","isPartOf":{"@id":"https:\/\/raincarrental.com\/#website"},"primaryImageOfPage":{"@id":"https:\/\/raincarrental.com\/about-us\/#primaryimage"},"datePublished":"2016-04-07T07:42:39+00:00","dateModified":"2023-12-14T19:15:06+00:00","breadcrumb":{"@id":"https:\/\/raincarrental.com\/about-us\/#breadcrumb"},"inLanguage":"tr","potentialAction":[{"@type":"ReadAction","target":["https:\/\/raincarrental.com\/about-us\/"]}]},{"@type":"BreadcrumbList","@id":"https:\/\/raincarrental.com\/about-us\/#breadcrumb","itemListElement":[{"@type":"ListItem","position":1,"name":"Home","item":"https:\/\/raincarrental.com\/"},{"@type":"ListItem","position":2,"name":"About Us"}]}]}},"_links":{"self":[{"href":"https:\/\/raincarrental.com\/tr\/wp-json\/wp\/v2\/pages\/2067"}],"collection":[{"href":"https:\/\/raincarrental.com\/tr\/wp-json\/wp\/v2\/pages"}],"about":[{"href":"https:\/\/raincarrental.com\/tr\/wp-json\/wp\/v2\/types\/page"}],"author":[{"embeddable":true,"href":"https:\/\/raincarrental.com\/tr\/wp-json\/wp\/v2\/users\/1"}],"replies":[{"embeddable":true,"href":"https:\/\/raincarrental.com\/tr\/wp-json\/wp\/v2\/comments?post=2067"}],"version-history":[{"count":22,"href":"https:\/\/raincarrental.com\/tr\/wp-json\/wp\/v2\/pages\/2067\/revisions"}],"predecessor-version":[{"id":6751,"href":"https:\/\/raincarrental.com\/tr\/wp-json\/wp\/v2\/pages\/2067\/revisions\/6751"}],"wp:attachment":[{"href":"https:\/\/raincarrental.com\/tr\/wp-json\/wp\/v2\/media?parent=2067"}],"curies":[{"name":"wp","href":"https:\/\/api.w.org\/{rel}","templated":true}]}}